{"id":1038,"date":"2023-06-27T20:41:57","date_gmt":"2023-06-27T20:41:57","guid":{"rendered":"https:\/\/3lpastelerias.com\/inicio\/?post_type=product&#038;p=1038"},"modified":"2023-06-27T20:55:54","modified_gmt":"2023-06-27T20:55:54","slug":"pastel-de-paw-patrol","status":"publish","type":"product","link":"https:\/\/3lpastelerias.com\/inicio\/producto\/pastel-de-paw-patrol\/","title":{"rendered":"Pastel de Paw Patrol"},"content":{"rendered":"<p>Descubre la magia de nuestros pasteles personalizados decorados con un encantador dise\u00f1o. En 3L pasteler\u00edas, hemos fusionado la suavidad y la humedad de nuestro famoso pastel tres leches con los personajes adorables de Paw Patrol.<\/p>\n<p>Con nuestros encantadores cake toppers de Paw Patrol damos un toque especial y divertido a este pastel de cumplea\u00f1os que deleitar\u00e1 a los amantes de la Patrulla Canina de todas las edades.<\/p>\n<p>Entra en el mundo de Paw Patrol mientras te deleitas con cada bocado de esta deliciosa creaci\u00f3n. \u00a1Haz de tu ocasi\u00f3n especial un evento inolvidable con nuestro pastel tres leches decorado con Paw Patrol!<\/p>\n<p>Personaliza el relleno, el tama\u00f1o y hasta el decorado con el nombre del o la festejada y su edad.<br \/>\nCotiza con nosotros tu pastel ideal v\u00eda WhatsApp: <a href=\"https:\/\/wa.me\/message\/LNVVUYSTCZCFL1\">5618379882<\/a><\/p>\n<p>Pastel tres leches tradicional con Cake Topper de Paw Patrol:<br \/>\n<span style=\"font-size: 1rem;\">para 10 personas<\/span><span style=\"font-size: 1rem;\">\u00a0<\/span><span style=\"font-size: 1rem;\">$540<br \/>\npara 20 personas $870<\/span><\/p>\n","protected":false},"excerpt":{"rendered":"<p>Pastel tres leches para 10 personas con Cake Topper de Paw Patrol $540<\/p>\n<p>Podemos cotizar cualquier sabor, tama\u00f1o y dise\u00f1o v\u00eda WhatsApp al <strong><a href=\"https:\/\/wa.me\/message\/LNVVUYSTCZCFL1\">5618379882<\/a><\/strong><\/p>\n","protected":false},"featured_media":1039,"template":"","meta":{"om_disable_all_campaigns":false,"_uag_custom_page_level_css":"","_monsterinsights_skip_tracking":false,"_monsterinsights_sitenote_active":false,"_monsterinsights_sitenote_note":"","_monsterinsights_sitenote_category":0},"product_cat":[29],"product_tag":[87,88],"aioseo_notices":[],"uagb_featured_image_src":{"full":["https:\/\/3lpastelerias.com\/inicio\/wp-content\/uploads\/2023\/06\/WhatsApp-Image-2023-06-27-at-2.07.05-PM-1.jpeg",1280,1280,false],"thumbnail":["https:\/\/3lpastelerias.com\/inicio\/wp-content\/uploads\/2023\/06\/WhatsApp-Image-2023-06-27-at-2.07.05-PM-1-150x150.jpeg",150,150,true],"medium":["https:\/\/3lpastelerias.com\/inicio\/wp-content\/uploads\/2023\/06\/WhatsApp-Image-2023-06-27-at-2.07.05-PM-1-300x300.jpeg",300,300,true],"medium_large":["https:\/\/3lpastelerias.com\/inicio\/wp-content\/uploads\/2023\/06\/WhatsApp-Image-2023-06-27-at-2.07.05-PM-1-768x768.jpeg",660,660,true],"large":["https:\/\/3lpastelerias.com\/inicio\/wp-content\/uploads\/2023\/06\/WhatsApp-Image-2023-06-27-at-2.07.05-PM-1-1024x1024.jpeg",660,660,true],"nd_cc_image_size_1110_570":["https:\/\/3lpastelerias.com\/inicio\/wp-content\/uploads\/2023\/06\/WhatsApp-Image-2023-06-27-at-2.07.05-PM-1.jpeg",570,570,false],"nd_cc_image_size_720_720":["https:\/\/3lpastelerias.com\/inicio\/wp-content\/uploads\/2023\/06\/WhatsApp-Image-2023-06-27-at-2.07.05-PM-1.jpeg",720,720,false],"1536x1536":["https:\/\/3lpastelerias.com\/inicio\/wp-content\/uploads\/2023\/06\/WhatsApp-Image-2023-06-27-at-2.07.05-PM-1.jpeg",1280,1280,false],"2048x2048":["https:\/\/3lpastelerias.com\/inicio\/wp-content\/uploads\/2023\/06\/WhatsApp-Image-2023-06-27-at-2.07.05-PM-1.jpeg",1280,1280,false],"post-thumbnail":["https:\/\/3lpastelerias.com\/inicio\/wp-content\/uploads\/2023\/06\/WhatsApp-Image-2023-06-27-at-2.07.05-PM-1.jpeg",750,750,false],"famita-shop-mansory-large":["https:\/\/3lpastelerias.com\/inicio\/wp-content\/uploads\/2023\/06\/WhatsApp-Image-2023-06-27-at-2.07.05-PM-1.jpeg",850,850,false],"famita-shop-mansory-small":["https:\/\/3lpastelerias.com\/inicio\/wp-content\/uploads\/2023\/06\/WhatsApp-Image-2023-06-27-at-2.07.05-PM-1.jpeg",410,410,false],"famita-blog-small":["https:\/\/3lpastelerias.com\/inicio\/wp-content\/uploads\/2023\/06\/WhatsApp-Image-2023-06-27-at-2.07.05-PM-1.jpeg",80,80,false],"woocommerce_thumbnail":["https:\/\/3lpastelerias.com\/inicio\/wp-content\/uploads\/2023\/06\/WhatsApp-Image-2023-06-27-at-2.07.05-PM-1-300x300.jpeg",300,300,true],"woocommerce_single":["https:\/\/3lpastelerias.com\/inicio\/wp-content\/uploads\/2023\/06\/WhatsApp-Image-2023-06-27-at-2.07.05-PM-1-600x600.jpeg",600,600,true],"woocommerce_gallery_thumbnail":["https:\/\/3lpastelerias.com\/inicio\/wp-content\/uploads\/2023\/06\/WhatsApp-Image-2023-06-27-at-2.07.05-PM-1-410x410.jpeg",410,410,true],"woosc-large":["https:\/\/3lpastelerias.com\/inicio\/wp-content\/uploads\/2023\/06\/WhatsApp-Image-2023-06-27-at-2.07.05-PM-1.jpeg",600,600,false],"woosc-small":["https:\/\/3lpastelerias.com\/inicio\/wp-content\/uploads\/2023\/06\/WhatsApp-Image-2023-06-27-at-2.07.05-PM-1.jpeg",96,96,false]},"uagb_author_info":{"display_name":"admin8","author_link":"https:\/\/3lpastelerias.com\/inicio\/author\/"},"uagb_comment_info":0,"uagb_excerpt":"Pastel tres leches para 10 personas con Cake Topper de Paw Patrol $540 Podemos cotizar cualquier sabor, tama\u00f1o y dise\u00f1o v\u00eda WhatsApp al 5618379882","_links":{"self":[{"href":"https:\/\/3lpastelerias.com\/inicio\/wp-json\/wp\/v2\/product\/1038"}],"collection":[{"href":"https:\/\/3lpastelerias.com\/inicio\/wp-json\/wp\/v2\/product"}],"about":[{"href":"https:\/\/3lpastelerias.com\/inicio\/wp-json\/wp\/v2\/types\/product"}],"wp:featuredmedia":[{"embeddable":true,"href":"https:\/\/3lpastelerias.com\/inicio\/wp-json\/wp\/v2\/media\/1039"}],"wp:attachment":[{"href":"https:\/\/3lpastelerias.com\/inicio\/wp-json\/wp\/v2\/media?parent=1038"}],"wp:term":[{"taxonomy":"product_cat","embeddable":true,"href":"https:\/\/3lpastelerias.com\/inicio\/wp-json\/wp\/v2\/product_cat?post=1038"},{"taxonomy":"product_tag","embeddable":true,"href":"https:\/\/3lpastelerias.com\/inicio\/wp-json\/wp\/v2\/product_tag?post=1038"}],"curies":[{"name":"wp","href":"https:\/\/api.w.org\/{rel}","templated":true}]}}