{"id":1174,"date":"2023-07-29T01:31:16","date_gmt":"2023-07-29T01:31:16","guid":{"rendered":"https:\/\/3lpastelerias.com\/inicio\/?post_type=product&#038;p=1174"},"modified":"2023-07-29T02:01:05","modified_gmt":"2023-07-29T02:01:05","slug":"pastel-del-america","status":"publish","type":"product","link":"https:\/\/3lpastelerias.com\/inicio\/producto\/pastel-del-america\/","title":{"rendered":"Pastel del Am\u00e9rica"},"content":{"rendered":"<p>\u00a1Celebra tu pasi\u00f3n por el f\u00fatbol con nuestro espectacular pastel con dise\u00f1o del Am\u00e9rica! Rinde homenaje a los colores y la emoci\u00f3n de tu equipo favorito con un pastel que encantar\u00e1 a los fan\u00e1ticos m\u00e1s apasionados.<\/p>\n<p>Celebra los triunfos y comparte la emoci\u00f3n con tus amigos y familiares mientras disfrutas de este pastel que representa el esp\u00edritu y la dedicaci\u00f3n de los jugadores y aficionados del Am\u00e9rica.<\/p>\n<p>Anima a tu equipo con un pastel que despierta la pasi\u00f3n por el f\u00fatbol. \u00a1Ord\u00e9nalo ahora y prep\u00e1rate para vivir una experiencia futbol\u00edstica inolvidable con cada delicioso bocado! \u00a1Vamos Am\u00e9rica! \u00a1\u00d3diame m\u00e1s!<\/p>\n<p>5 personas: $440<br \/>\n10 personas: $520<br \/>\n15 personas: $685<br \/>\n20 personas $850<\/p>\n<p>Podemos cotizar cualquier sabor, tama\u00f1o y dise\u00f1o.<br \/>\nWhatsApp\u00a0<a href=\"https:\/\/wa.me\/message\/LNVVUYSTCZCFL1\">5618379882<\/a><\/p>\n<p>Dale un toque especial con nuestros c<a href=\"https:\/\/3lpastelerias.com\/inicio\/producto\/pasteles-con-cake-toppers-personalizados\/\">ake toppers personalizados.\u00a0<\/a><\/p>\n","protected":false},"excerpt":{"rendered":"<p>5 personas: $440<br \/>\n10 personas: $520<br \/>\n15 personas: $685<br \/>\n20 personas $850<\/p>\n<p>Podemos cotizar cualquier sabor, tama\u00f1o y dise\u00f1o.<br \/>\nWhatsApp\u00a0<a href=\"https:\/\/wa.me\/message\/LNVVUYSTCZCFL1\">5618379882<\/a><\/p>\n","protected":false},"featured_media":1179,"template":"","meta":{"om_disable_all_campaigns":false,"_uag_custom_page_level_css":"","_monsterinsights_skip_tracking":false,"_monsterinsights_sitenote_active":false,"_monsterinsights_sitenote_note":"","_monsterinsights_sitenote_category":0},"product_cat":[29],"product_tag":[],"aioseo_notices":[],"uagb_featured_image_src":{"full":["https:\/\/3lpastelerias.com\/inicio\/wp-content\/uploads\/2023\/07\/WhatsApp-Image-2023-07-28-at-6.57.20-PM-5.jpeg",1080,1080,false],"thumbnail":["https:\/\/3lpastelerias.com\/inicio\/wp-content\/uploads\/2023\/07\/WhatsApp-Image-2023-07-28-at-6.57.20-PM-5-150x150.jpeg",150,150,true],"medium":["https:\/\/3lpastelerias.com\/inicio\/wp-content\/uploads\/2023\/07\/WhatsApp-Image-2023-07-28-at-6.57.20-PM-5-300x300.jpeg",300,300,true],"medium_large":["https:\/\/3lpastelerias.com\/inicio\/wp-content\/uploads\/2023\/07\/WhatsApp-Image-2023-07-28-at-6.57.20-PM-5-768x768.jpeg",660,660,true],"large":["https:\/\/3lpastelerias.com\/inicio\/wp-content\/uploads\/2023\/07\/WhatsApp-Image-2023-07-28-at-6.57.20-PM-5-1024x1024.jpeg",660,660,true],"nd_cc_image_size_1110_570":["https:\/\/3lpastelerias.com\/inicio\/wp-content\/uploads\/2023\/07\/WhatsApp-Image-2023-07-28-at-6.57.20-PM-5.jpeg",570,570,false],"nd_cc_image_size_720_720":["https:\/\/3lpastelerias.com\/inicio\/wp-content\/uploads\/2023\/07\/WhatsApp-Image-2023-07-28-at-6.57.20-PM-5.jpeg",720,720,false],"1536x1536":["https:\/\/3lpastelerias.com\/inicio\/wp-content\/uploads\/2023\/07\/WhatsApp-Image-2023-07-28-at-6.57.20-PM-5.jpeg",1080,1080,false],"2048x2048":["https:\/\/3lpastelerias.com\/inicio\/wp-content\/uploads\/2023\/07\/WhatsApp-Image-2023-07-28-at-6.57.20-PM-5.jpeg",1080,1080,false],"post-thumbnail":["https:\/\/3lpastelerias.com\/inicio\/wp-content\/uploads\/2023\/07\/WhatsApp-Image-2023-07-28-at-6.57.20-PM-5.jpeg",750,750,false],"famita-shop-mansory-large":["https:\/\/3lpastelerias.com\/inicio\/wp-content\/uploads\/2023\/07\/WhatsApp-Image-2023-07-28-at-6.57.20-PM-5.jpeg",850,850,false],"famita-shop-mansory-small":["https:\/\/3lpastelerias.com\/inicio\/wp-content\/uploads\/2023\/07\/WhatsApp-Image-2023-07-28-at-6.57.20-PM-5.jpeg",410,410,false],"famita-blog-small":["https:\/\/3lpastelerias.com\/inicio\/wp-content\/uploads\/2023\/07\/WhatsApp-Image-2023-07-28-at-6.57.20-PM-5.jpeg",80,80,false],"woocommerce_thumbnail":["https:\/\/3lpastelerias.com\/inicio\/wp-content\/uploads\/2023\/07\/WhatsApp-Image-2023-07-28-at-6.57.20-PM-5-300x300.jpeg",300,300,true],"woocommerce_single":["https:\/\/3lpastelerias.com\/inicio\/wp-content\/uploads\/2023\/07\/WhatsApp-Image-2023-07-28-at-6.57.20-PM-5-600x600.jpeg",600,600,true],"woocommerce_gallery_thumbnail":["https:\/\/3lpastelerias.com\/inicio\/wp-content\/uploads\/2023\/07\/WhatsApp-Image-2023-07-28-at-6.57.20-PM-5-410x410.jpeg",410,410,true],"woosc-large":["https:\/\/3lpastelerias.com\/inicio\/wp-content\/uploads\/2023\/07\/WhatsApp-Image-2023-07-28-at-6.57.20-PM-5.jpeg",600,600,false],"woosc-small":["https:\/\/3lpastelerias.com\/inicio\/wp-content\/uploads\/2023\/07\/WhatsApp-Image-2023-07-28-at-6.57.20-PM-5.jpeg",96,96,false]},"uagb_author_info":{"display_name":"admin8","author_link":"https:\/\/3lpastelerias.com\/inicio\/author\/"},"uagb_comment_info":0,"uagb_excerpt":"5 personas: $440 10 personas: $520 15 personas: $685 20 personas $850 Podemos cotizar cualquier sabor, tama\u00f1o y dise\u00f1o. WhatsApp\u00a05618379882","_links":{"self":[{"href":"https:\/\/3lpastelerias.com\/inicio\/wp-json\/wp\/v2\/product\/1174"}],"collection":[{"href":"https:\/\/3lpastelerias.com\/inicio\/wp-json\/wp\/v2\/product"}],"about":[{"href":"https:\/\/3lpastelerias.com\/inicio\/wp-json\/wp\/v2\/types\/product"}],"wp:featuredmedia":[{"embeddable":true,"href":"https:\/\/3lpastelerias.com\/inicio\/wp-json\/wp\/v2\/media\/1179"}],"wp:attachment":[{"href":"https:\/\/3lpastelerias.com\/inicio\/wp-json\/wp\/v2\/media?parent=1174"}],"wp:term":[{"taxonomy":"product_cat","embeddable":true,"href":"https:\/\/3lpastelerias.com\/inicio\/wp-json\/wp\/v2\/product_cat?post=1174"},{"taxonomy":"product_tag","embeddable":true,"href":"https:\/\/3lpastelerias.com\/inicio\/wp-json\/wp\/v2\/product_tag?post=1174"}],"curies":[{"name":"wp","href":"https:\/\/api.w.org\/{rel}","templated":true}]}}