{"id":671,"date":"2023-05-04T00:33:24","date_gmt":"2023-05-04T00:33:24","guid":{"rendered":"https:\/\/3lpastelerias.com\/inicio\/?post_type=product&#038;p=671"},"modified":"2023-06-27T21:43:15","modified_gmt":"2023-06-27T21:43:15","slug":"tres-leches-tradicional","status":"publish","type":"product","link":"https:\/\/3lpastelerias.com\/inicio\/producto\/tres-leches-tradicional\/","title":{"rendered":"Pastel tres leches tradicional"},"content":{"rendered":"<p>\u00a1Del\u00e9itate con nuestro exquisito pastel de tres leches casero, elaborado con amor y sin conservadores! Cada bocado es una explosi\u00f3n de sabores que te transportar\u00e1 a la dulzura y frescura de un aut\u00e9ntico postre casero. Nuestro pastel es suave, esponjoso y empapado en una mezcla irresistible de tres leches \u00a1bien remojado! que le brinda una textura \u00fanica y un sabor inigualable. Disfruta de la dulzura natural de los ingredientes frescos y sum\u00e9rgete en la experiencia m\u00e1s deliciosa que jam\u00e1s hayas probado. Pide tu porci\u00f3n de felicidad ahora mismo v\u00eda WhatsApp <a href=\"https:\/\/wa.me\/message\/LNVVUYSTCZCFL1\">5618379882<\/a>.<\/p>\n<p style=\"font-weight: 400;\">Podemos cotizar cualquier tama\u00f1o y dise\u00f1o para todo tipo de celebraciones.<\/p>\n<p>Dale un toque especial con nuestros <a href=\"https:\/\/3lpastelerias.com\/inicio\/producto\/pasteles-con-cake-toppers-personalizados\/\">cake toppers<\/a> personalizados.<\/p>\n<p>individual:\u00a0 $130<br \/>\n5 personas: $240<br \/>\n10 personas: $330<br \/>\n15 personas: $495<br \/>\n20 personas $660<\/p>\n<p><img fetchpriority=\"high\" decoding=\"async\" class=\"alignnone wp-image-825\" src=\"https:\/\/3lpastelerias.com\/inicio\/wp-content\/uploads\/2023\/05\/WhatsApp-Image-2023-05-31-at-10.40.42-PM-2.jpeg\" alt=\"\" width=\"172\" height=\"306\" srcset=\"https:\/\/3lpastelerias.com\/inicio\/wp-content\/uploads\/2023\/05\/WhatsApp-Image-2023-05-31-at-10.40.42-PM-2.jpeg 720w, https:\/\/3lpastelerias.com\/inicio\/wp-content\/uploads\/2023\/05\/WhatsApp-Image-2023-05-31-at-10.40.42-PM-2-600x1067.jpeg 600w, https:\/\/3lpastelerias.com\/inicio\/wp-content\/uploads\/2023\/05\/WhatsApp-Image-2023-05-31-at-10.40.42-PM-2-169x300.jpeg 169w, https:\/\/3lpastelerias.com\/inicio\/wp-content\/uploads\/2023\/05\/WhatsApp-Image-2023-05-31-at-10.40.42-PM-2-576x1024.jpeg 576w\" sizes=\"(max-width: 172px) 100vw, 172px\" \/><\/p>\n","protected":false},"excerpt":{"rendered":"<p>individual:\u00a0 $130<br \/>\n5 personas: $240<br \/>\n10 personas: $330<br \/>\n15 personas: $495<br \/>\n20 personas $660<\/p>\n","protected":false},"featured_media":824,"template":"","meta":{"om_disable_all_campaigns":false,"_uag_custom_page_level_css":"","_monsterinsights_skip_tracking":false,"_monsterinsights_sitenote_active":false,"_monsterinsights_sitenote_note":"","_monsterinsights_sitenote_category":0},"product_cat":[29],"product_tag":[75,32,43,44],"aioseo_notices":[],"uagb_featured_image_src":{"full":["https:\/\/3lpastelerias.com\/inicio\/wp-content\/uploads\/2023\/05\/WhatsApp-Image-2023-05-31-at-10.40.42-PM-3.jpeg",720,1280,false],"thumbnail":["https:\/\/3lpastelerias.com\/inicio\/wp-content\/uploads\/2023\/05\/WhatsApp-Image-2023-05-31-at-10.40.42-PM-3-150x150.jpeg",150,150,true],"medium":["https:\/\/3lpastelerias.com\/inicio\/wp-content\/uploads\/2023\/05\/WhatsApp-Image-2023-05-31-at-10.40.42-PM-3-169x300.jpeg",169,300,true],"medium_large":["https:\/\/3lpastelerias.com\/inicio\/wp-content\/uploads\/2023\/05\/WhatsApp-Image-2023-05-31-at-10.40.42-PM-3.jpeg",660,1173,false],"large":["https:\/\/3lpastelerias.com\/inicio\/wp-content\/uploads\/2023\/05\/WhatsApp-Image-2023-05-31-at-10.40.42-PM-3-576x1024.jpeg",576,1024,true],"nd_cc_image_size_1110_570":["https:\/\/3lpastelerias.com\/inicio\/wp-content\/uploads\/2023\/05\/WhatsApp-Image-2023-05-31-at-10.40.42-PM-3.jpeg",321,570,false],"nd_cc_image_size_720_720":["https:\/\/3lpastelerias.com\/inicio\/wp-content\/uploads\/2023\/05\/WhatsApp-Image-2023-05-31-at-10.40.42-PM-3.jpeg",405,720,false],"1536x1536":["https:\/\/3lpastelerias.com\/inicio\/wp-content\/uploads\/2023\/05\/WhatsApp-Image-2023-05-31-at-10.40.42-PM-3.jpeg",720,1280,false],"2048x2048":["https:\/\/3lpastelerias.com\/inicio\/wp-content\/uploads\/2023\/05\/WhatsApp-Image-2023-05-31-at-10.40.42-PM-3.jpeg",720,1280,false],"post-thumbnail":["https:\/\/3lpastelerias.com\/inicio\/wp-content\/uploads\/2023\/05\/WhatsApp-Image-2023-05-31-at-10.40.42-PM-3.jpeg",422,750,false],"famita-shop-mansory-large":["https:\/\/3lpastelerias.com\/inicio\/wp-content\/uploads\/2023\/05\/WhatsApp-Image-2023-05-31-at-10.40.42-PM-3.jpeg",478,850,false],"famita-shop-mansory-small":["https:\/\/3lpastelerias.com\/inicio\/wp-content\/uploads\/2023\/05\/WhatsApp-Image-2023-05-31-at-10.40.42-PM-3.jpeg",231,410,false],"famita-blog-small":["https:\/\/3lpastelerias.com\/inicio\/wp-content\/uploads\/2023\/05\/WhatsApp-Image-2023-05-31-at-10.40.42-PM-3.jpeg",45,80,false],"woocommerce_thumbnail":["https:\/\/3lpastelerias.com\/inicio\/wp-content\/uploads\/2023\/05\/WhatsApp-Image-2023-05-31-at-10.40.42-PM-3-300x300.jpeg",300,300,true],"woocommerce_single":["https:\/\/3lpastelerias.com\/inicio\/wp-content\/uploads\/2023\/05\/WhatsApp-Image-2023-05-31-at-10.40.42-PM-3-600x1067.jpeg",600,1067,true],"woocommerce_gallery_thumbnail":["https:\/\/3lpastelerias.com\/inicio\/wp-content\/uploads\/2023\/05\/WhatsApp-Image-2023-05-31-at-10.40.42-PM-3-410x410.jpeg",410,410,true],"woosc-large":["https:\/\/3lpastelerias.com\/inicio\/wp-content\/uploads\/2023\/05\/WhatsApp-Image-2023-05-31-at-10.40.42-PM-3.jpeg",338,600,false],"woosc-small":["https:\/\/3lpastelerias.com\/inicio\/wp-content\/uploads\/2023\/05\/WhatsApp-Image-2023-05-31-at-10.40.42-PM-3.jpeg",54,96,false]},"uagb_author_info":{"display_name":"admin8","author_link":"https:\/\/3lpastelerias.com\/inicio\/author\/"},"uagb_comment_info":0,"uagb_excerpt":"individual:\u00a0 $130 5 personas: $240 10 personas: $330 15 personas: $495 20 personas $660","_links":{"self":[{"href":"https:\/\/3lpastelerias.com\/inicio\/wp-json\/wp\/v2\/product\/671"}],"collection":[{"href":"https:\/\/3lpastelerias.com\/inicio\/wp-json\/wp\/v2\/product"}],"about":[{"href":"https:\/\/3lpastelerias.com\/inicio\/wp-json\/wp\/v2\/types\/product"}],"wp:featuredmedia":[{"embeddable":true,"href":"https:\/\/3lpastelerias.com\/inicio\/wp-json\/wp\/v2\/media\/824"}],"wp:attachment":[{"href":"https:\/\/3lpastelerias.com\/inicio\/wp-json\/wp\/v2\/media?parent=671"}],"wp:term":[{"taxonomy":"product_cat","embeddable":true,"href":"https:\/\/3lpastelerias.com\/inicio\/wp-json\/wp\/v2\/product_cat?post=671"},{"taxonomy":"product_tag","embeddable":true,"href":"https:\/\/3lpastelerias.com\/inicio\/wp-json\/wp\/v2\/product_tag?post=671"}],"curies":[{"name":"wp","href":"https:\/\/api.w.org\/{rel}","templated":true}]}}