{"id":881,"date":"2023-06-09T06:19:49","date_gmt":"2023-06-09T06:19:49","guid":{"rendered":"https:\/\/3lpastelerias.com\/inicio\/?post_type=product&#038;p=881"},"modified":"2023-07-29T02:43:59","modified_gmt":"2023-07-29T02:43:59","slug":"pastel-de-mazapan-o-mazapastel","status":"publish","type":"product","link":"https:\/\/3lpastelerias.com\/inicio\/producto\/pastel-de-mazapan-o-mazapastel\/","title":{"rendered":"Pastel de Mazap\u00e1n o MAZAPASTEL"},"content":{"rendered":"<p>Nuestro exquisito MAZAPASTEL es un tres leches de mazap\u00e1n que combina la suavidad y dulzura del tradicional pastel tres leches con el distinguido sabor y textura del mazap\u00e1n. Esta tentadora combinaci\u00f3n consiste en un bizcocho esponjoso y h\u00famedo, empapado en una mezcla de tres tipos de leche (leche condensada, leche evaporada y crema de leche), que le proporciona una textura cremosa y un sabor irresistible. La cobertura de mazap\u00e1n en la crema batida, a\u00f1ade un toque de elegancia y un sabor ligeramente dulce. Cada bocado de este pastel es una experiencia \u00fanica que deleitar\u00e1 los paladares m\u00e1s exigentes. \u00a1Descubre el placer de saborear un pastel tres leches de mazap\u00e1n y d\u00e9jate cautivar por su indulgente esencia!<\/p>\n<p>Podemos cotizar cualquier tama\u00f1o y dise\u00f1o v\u00eda WhatsApp al <a href=\"https:\/\/wa.me\/message\/LNVVUYSTCZCFL1\">5618379882<\/a>.<\/p>\n<p>individual:\u00a0 $150<br \/>\n5 personas: $260<br \/>\n10 personas: $380<br \/>\n15 personas: $570<br \/>\n20 personas $760<\/p>\n<p>Personaliza tu pastel con nuestros letreros\u00a0<a href=\"https:\/\/3lpastelerias.com\/inicio\/producto\/pasteles-con-cake-toppers-personalizados\/\">CAKE TOPPERS<\/a>.<\/p>\n","protected":false},"excerpt":{"rendered":"<p>individual:\u00a0 $150<br \/>\n5 personas: $260<br \/>\n10 personas: $380<br \/>\n15 personas: $570<br \/>\n20 personas $760<\/p>\n","protected":false},"featured_media":882,"template":"","meta":{"om_disable_all_campaigns":false,"_uag_custom_page_level_css":"","_monsterinsights_skip_tracking":false,"_monsterinsights_sitenote_active":false,"_monsterinsights_sitenote_note":"","_monsterinsights_sitenote_category":0},"product_cat":[29],"product_tag":[],"aioseo_notices":[],"uagb_featured_image_src":{"full":["https:\/\/3lpastelerias.com\/inicio\/wp-content\/uploads\/2023\/06\/WhatsApp-Image-2023-06-09-at-12.19.23-AM.jpeg",1080,1080,false],"thumbnail":["https:\/\/3lpastelerias.com\/inicio\/wp-content\/uploads\/2023\/06\/WhatsApp-Image-2023-06-09-at-12.19.23-AM-150x150.jpeg",150,150,true],"medium":["https:\/\/3lpastelerias.com\/inicio\/wp-content\/uploads\/2023\/06\/WhatsApp-Image-2023-06-09-at-12.19.23-AM-300x300.jpeg",300,300,true],"medium_large":["https:\/\/3lpastelerias.com\/inicio\/wp-content\/uploads\/2023\/06\/WhatsApp-Image-2023-06-09-at-12.19.23-AM-768x768.jpeg",660,660,true],"large":["https:\/\/3lpastelerias.com\/inicio\/wp-content\/uploads\/2023\/06\/WhatsApp-Image-2023-06-09-at-12.19.23-AM-1024x1024.jpeg",660,660,true],"nd_cc_image_size_1110_570":["https:\/\/3lpastelerias.com\/inicio\/wp-content\/uploads\/2023\/06\/WhatsApp-Image-2023-06-09-at-12.19.23-AM.jpeg",570,570,false],"nd_cc_image_size_720_720":["https:\/\/3lpastelerias.com\/inicio\/wp-content\/uploads\/2023\/06\/WhatsApp-Image-2023-06-09-at-12.19.23-AM.jpeg",720,720,false],"1536x1536":["https:\/\/3lpastelerias.com\/inicio\/wp-content\/uploads\/2023\/06\/WhatsApp-Image-2023-06-09-at-12.19.23-AM.jpeg",1080,1080,false],"2048x2048":["https:\/\/3lpastelerias.com\/inicio\/wp-content\/uploads\/2023\/06\/WhatsApp-Image-2023-06-09-at-12.19.23-AM.jpeg",1080,1080,false],"post-thumbnail":["https:\/\/3lpastelerias.com\/inicio\/wp-content\/uploads\/2023\/06\/WhatsApp-Image-2023-06-09-at-12.19.23-AM.jpeg",750,750,false],"famita-shop-mansory-large":["https:\/\/3lpastelerias.com\/inicio\/wp-content\/uploads\/2023\/06\/WhatsApp-Image-2023-06-09-at-12.19.23-AM.jpeg",850,850,false],"famita-shop-mansory-small":["https:\/\/3lpastelerias.com\/inicio\/wp-content\/uploads\/2023\/06\/WhatsApp-Image-2023-06-09-at-12.19.23-AM.jpeg",410,410,false],"famita-blog-small":["https:\/\/3lpastelerias.com\/inicio\/wp-content\/uploads\/2023\/06\/WhatsApp-Image-2023-06-09-at-12.19.23-AM.jpeg",80,80,false],"woocommerce_thumbnail":["https:\/\/3lpastelerias.com\/inicio\/wp-content\/uploads\/2023\/06\/WhatsApp-Image-2023-06-09-at-12.19.23-AM-300x300.jpeg",300,300,true],"woocommerce_single":["https:\/\/3lpastelerias.com\/inicio\/wp-content\/uploads\/2023\/06\/WhatsApp-Image-2023-06-09-at-12.19.23-AM-600x600.jpeg",600,600,true],"woocommerce_gallery_thumbnail":["https:\/\/3lpastelerias.com\/inicio\/wp-content\/uploads\/2023\/06\/WhatsApp-Image-2023-06-09-at-12.19.23-AM-410x410.jpeg",410,410,true],"woosc-large":["https:\/\/3lpastelerias.com\/inicio\/wp-content\/uploads\/2023\/06\/WhatsApp-Image-2023-06-09-at-12.19.23-AM.jpeg",600,600,false],"woosc-small":["https:\/\/3lpastelerias.com\/inicio\/wp-content\/uploads\/2023\/06\/WhatsApp-Image-2023-06-09-at-12.19.23-AM.jpeg",96,96,false]},"uagb_author_info":{"display_name":"admin8","author_link":"https:\/\/3lpastelerias.com\/inicio\/author\/"},"uagb_comment_info":0,"uagb_excerpt":"individual:\u00a0 $150 5 personas: $260 10 personas: $380 15 personas: $570 20 personas $760","_links":{"self":[{"href":"https:\/\/3lpastelerias.com\/inicio\/wp-json\/wp\/v2\/product\/881"}],"collection":[{"href":"https:\/\/3lpastelerias.com\/inicio\/wp-json\/wp\/v2\/product"}],"about":[{"href":"https:\/\/3lpastelerias.com\/inicio\/wp-json\/wp\/v2\/types\/product"}],"wp:featuredmedia":[{"embeddable":true,"href":"https:\/\/3lpastelerias.com\/inicio\/wp-json\/wp\/v2\/media\/882"}],"wp:attachment":[{"href":"https:\/\/3lpastelerias.com\/inicio\/wp-json\/wp\/v2\/media?parent=881"}],"wp:term":[{"taxonomy":"product_cat","embeddable":true,"href":"https:\/\/3lpastelerias.com\/inicio\/wp-json\/wp\/v2\/product_cat?post=881"},{"taxonomy":"product_tag","embeddable":true,"href":"https:\/\/3lpastelerias.com\/inicio\/wp-json\/wp\/v2\/product_tag?post=881"}],"curies":[{"name":"wp","href":"https:\/\/api.w.org\/{rel}","templated":true}]}}